{"id":6553,"date":"2015-10-06T16:29:30","date_gmt":"2015-10-06T16:29:30","guid":{"rendered":"http:\/\/theme.visualmodo.com\/essence\/?page_id=9"},"modified":"2024-03-28T10:24:29","modified_gmt":"2024-03-28T08:24:29","slug":"home","status":"publish","type":"page","link":"https:\/\/ihsda.org\/en\/","title":{"rendered":"ANASAYFA"},"content":{"rendered":"<p>[vc_row full_width=&#8221;stretch_row&#8221; bg_type=&#8221;video&#8221; video_url=&#8221;https:\/\/ihsda.org\/wp-content\/uploads\/2020\/12\/intro-aralik1-low.mp4&#8243; video_opts=&#8221;loop,muted&#8221; video_poster=&#8221;id^6935|url^https:\/\/ihsda.org\/wp-content\/uploads\/2020\/12\/intro-bg.jpg|caption^null|alt^null|title^intro-bg|description^null&#8221; bg_override=&#8221;browser_size&#8221; parallax_content=&#8221;parallax_content_value&#8221; parallax_content_sense=&#8221;30&#8243; fadeout_row=&#8221;fadeout_row_value&#8221; fadeout_start_effect=&#8221;70&#8243; enable_overlay=&#8221;enable_overlay_value&#8221; overlay_color=&#8221;rgba(10,10,10,0.3)&#8221; overlay_pattern=&#8221;01.png&#8221; overlay_pattern_opacity=&#8221;15&#8243;][vc_column]<div class=\"ult-spacer spacer-69e211126e034\" data-id=\"69e211126e034\" data-height=\"200\" data-height-mobile=\"200\" data-height-tab=\"200\" data-height-tab-portrait=\"\" data-height-mobile-landscape=\"\" style=\"clear:both;display:block;\"><\/div>[vc_custom_heading text=&#8221;Solidarity Network for Human Rights Defenders \u2013 Turkey is a network of human rights organisations which insists that defending human rights is a universal right. The Network is committed to strengthen solidarity and communication among its members and to challenge all forms of repression and harassment against human rights defenders.&#8221; font_container=&#8221;tag:h2|text_align:center|color:%23ffffff&#8221; google_fonts=&#8221;font_family:Lora%3Aregular%2Citalic%2C700%2C700italic|font_style:700%20bold%20regular%3A700%3Anormal&#8221; css_animation=&#8221;fadeInUp&#8221;]<div class=\"ult-spacer spacer-69e211126e06f\" data-id=\"69e211126e06f\" data-height=\"200\" data-height-mobile=\"200\" data-height-tab=\"200\" data-height-tab-portrait=\"\" data-height-mobile-landscape=\"\" style=\"clear:both;display:block;\"><\/div>[\/vc_column][\/vc_row][vc_row el_id=&#8221;bildiriler&#8221;][vc_column width=&#8221;1\/6&#8243;][\/vc_column][vc_column width=&#8221;2\/3&#8243;]<div class=\"ult-spacer spacer-69e211126e0a0\" data-id=\"69e211126e0a0\" data-height=\"100\" data-height-mobile=\"100\" data-height-tab=\"100\" data-height-tab-portrait=\"\" data-height-mobile-landscape=\"\" style=\"clear:both;display:block;\"><\/div>[vc_custom_heading text=&#8221;Declarations&#8221; font_container=&#8221;tag:h1|text_align:left&#8221; google_fonts=&#8221;font_family:Lora%3Aregular%2Citalic%2C700%2C700italic|font_style:700%20bold%20regular%3A700%3Anormal&#8221; css=&#8221;.vc_custom_1613386956162{margin-bottom: 30px !important;}&#8221;][vc_masonry_grid post_type=&#8221;post&#8221; max_items=&#8221;50&#8243; style=&#8221;load-more&#8221; items_per_page=&#8221;5&#8243; element_width=&#8221;12&#8243; gap=&#8221;10&#8243; item=&#8221;6994&#8243; btn_title=&#8221;MORE&#8221; btn_style=&#8221;outline&#8221; btn_shape=&#8221;square&#8221; btn_color=&#8221;inverse&#8221; grid_id=&#8221;vc_gid:1672999162766-98c72c24-f2b6-0&#8243; css=&#8221;.vc_custom_1634050050384{background-color: #ffffff !important;}&#8221; taxonomies=&#8221;1&#8243;]<div class=\"ult-spacer spacer-69e211126e0cc\" data-id=\"69e211126e0cc\" data-height=\"50\" data-height-mobile=\"50\" data-height-tab=\"50\" data-height-tab-portrait=\"\" data-height-mobile-landscape=\"\" style=\"clear:both;display:block;\"><\/div>[\/vc_column][vc_column width=&#8221;1\/6&#8243;][\/vc_column][\/vc_row][vc_row full_width=&#8221;stretch_row&#8221; bg_type=&#8221;image&#8221; parallax_style=&#8221;vcpb-vz-jquery&#8221; bg_image_new=&#8221;id^6940|url^https:\/\/ihsda.org\/wp-content\/uploads\/2020\/12\/abonelik.jpg|caption^null|alt^null|title^abonelik|description^null&#8221; bg_image_repeat=&#8221;no-repeat&#8221; parallax_content=&#8221;parallax_content_value&#8221; parallax_content_sense=&#8221;40&#8243;][vc_column width=&#8221;1\/6&#8243;][\/vc_column][vc_column width=&#8221;2\/3&#8243; offset=&#8221;vc_hidden-xs&#8221;]<div class=\"ult-spacer spacer-69e211126e0f5\" data-id=\"69e211126e0f5\" data-height=\"200\" data-height-mobile=\"200\" data-height-tab=\"200\" data-height-tab-portrait=\"\" data-height-mobile-landscape=\"\" style=\"clear:both;display:block;\"><\/div><div id=\"uvc-type-wrap-4993\"  data-ultimate-target='#uvc-type-wrap-4993'  data-responsive-json-new='{\"font-size\":\"desktop:60px;\",\"line-height\":\"\"}'  class=\"uvc-type-wrap  ult-adjust-bottom-margin ult-responsive abone uvc-type-align-center uvc-type-no-prefix uvc-wrap-273924248069e211126e149\" style=\"font-weight:bold;text-align:center;\"><span id=\"typed-273924248069e211126e149\" class=\"ultimate-typed-main \" style=\"color:#ffffff; text-transform: unset;\"><\/span><script type=\"text\/javascript\"> \r\n\t\t\t\t\t\tjQuery(function($){ \r\n\t\t\t\t\t\t\t$(document).ready(function(){\r\n\t\t\t\t\t\t\t\tif( typeof jQuery(\"#typed-273924248069e211126e149\").typed == \"function\"){\r\n\t\t\t\t\t\t\t\t\t$(\"#typed-273924248069e211126e149\").typed({\r\n\t\t\t\t\t\t\t\t\t\tstrings: [\"Subscription\"],\r\n\t\t\t\t\t\t\t\t\t\ttypeSpeed: 35,\r\n\t\t\t\t\t\t\t\t\t\tbackSpeed: 0,\r\n\t\t\t\t\t\t\t\t\t\tstartDelay: 200,\r\n\t\t\t\t\t\t\t\t\t\tbackDelay: 1500,\r\n\t\t\t\t\t\t\t\t\t\tloop: true,\r\n\t\t\t\t\t\t\t\t\t\tloopCount: false,\r\n\t\t\t\t\t\t\t\t\t\tshowCursor: true,\r\n\t\t\t\t\t\t\t\t\t\tcursorChar: \"|\",\r\n\t\t\t\t\t\t\t\t\t\tattr: null\r\n\t\t\t\t\t\t\t\t\t});\r\n\t\t\t\t\t\t\t\t}\r\n\t\t\t\t\t\t\t});\r\n\t\t\t\t\t\t});\r\n\t\t\t\t\t<\/script><\/div>[vc_row_inner][vc_column_inner width=&#8221;1\/4&#8243;][\/vc_column_inner][vc_column_inner width=&#8221;1\/2&#8243;]<div role=\"form\" class=\"wpcf7\" id=\"wpcf7-f6635-o1\" lang=\"en-US\" dir=\"ltr\">\n<div class=\"screen-reader-response\"><p role=\"status\" aria-live=\"polite\" aria-atomic=\"true\"><\/p> <ul><\/ul><\/div>\n<form action=\"\/en\/wp-json\/wp\/v2\/pages\/6553#wpcf7-f6635-o1\" method=\"post\" class=\"wpcf7-form init\" novalidate=\"novalidate\" data-status=\"init\">\n<div style=\"display: none;\">\n<input type=\"hidden\" name=\"_wpcf7\" value=\"6635\" \/>\n<input type=\"hidden\" name=\"_wpcf7_version\" value=\"5.3\" \/>\n<input type=\"hidden\" name=\"_wpcf7_locale\" value=\"en_US\" \/>\n<input type=\"hidden\" name=\"_wpcf7_unit_tag\" value=\"wpcf7-f6635-o1\" \/>\n<input type=\"hidden\" name=\"_wpcf7_container_post\" value=\"0\" \/>\n<input type=\"hidden\" name=\"_wpcf7_posted_data_hash\" value=\"\" \/>\n<input type=\"hidden\" name=\"lang\" value=\"en\" \/>\n<\/div>\n<p><label>  <span class=\"wpcf7-form-control-wrap your-email\"><input type=\"email\" name=\"your-email\" value=\"\" size=\"40\" class=\"wpcf7-form-control wpcf7-text wpcf7-email wpcf7-validates-as-required wpcf7-validates-as-email\" aria-required=\"true\" aria-invalid=\"false\" placeholder=\"e-mail\" \/><\/span> <\/label><br \/>\n<!-- Mailchimp for WordPress v4.8.1 - https:\/\/www.mc4wp.com\/ --><input type=\"hidden\" name=\"_mc4wp_subscribe_contact-form-7\" value=\"0\"><span class=\" mc4wp-checkbox mc4wp-checkbox-contact-form-7\"><label><input type=\"checkbox\" name=\"_mc4wp_subscribe_contact-form-7\" value=\"1\"><span>I have read the <a href=\"https:\/\/ihsda.org\/insan-haklari-savunuculari-dayanisma-agi-kisisel-verilerin-islenmesine-iliskin-aydinlatma-metni\/\" data-type=\"page\" data-id=\"7260\">\u0130nsan Haklar\u0131 Savunucular\u0131 Dayan\u0131\u015fma A\u011f\u0131 Ki\u015fisel Verilerin \u0130\u015flenmesine \u0130li\u015fkin Ayd\u0131nlatma Metni<\/a> and accept the <a href=\"https:\/\/ihsda.org\/kisisel-verilerin-islenmesi-acik-riza-formu\/\" data-type=\"page\" data-id=\"7256\">Ki\u015fisel Verilerin \u0130\u015flenmesi A\u00e7\u0131k R\u0131za Formu<\/a> to subscribe to the newsletter.<\/span><\/label><\/span><!-- \/ Mailchimp for WordPress --><br \/>\n<input type=\"submit\" value=\"SUBSCRIBE\" class=\"wpcf7-form-control wpcf7-submit\" \/><\/p>\n<div class=\"wpcf7-response-output\" aria-hidden=\"true\"><\/div><\/form><\/div>[\/vc_column_inner][vc_column_inner width=&#8221;1\/4&#8243;][\/vc_column_inner][\/vc_row_inner]<div class=\"ult-spacer spacer-69e211126f05e\" data-id=\"69e211126f05e\" data-height=\"200\" data-height-mobile=\"200\" data-height-tab=\"200\" data-height-tab-portrait=\"\" data-height-mobile-landscape=\"\" style=\"clear:both;display:block;\"><\/div>[\/vc_column][vc_column width=&#8221;1\/6&#8243;][\/vc_column][\/vc_row][vc_row css=&#8221;.vc_custom_1601894216502{padding-top: 100px !important;padding-bottom: 100px !important;}&#8221;][vc_column width=&#8221;1\/2&#8243;]<div id=\"ultib3-12822587069e211126f421\" class=\" ultb3-box ult-adjust-bottom-margin  \" style=\"background-color: #000000;\"><img src=\"https:\/\/ihsda.org\/wp-content\/uploads\/2020\/12\/hakkimizda.jpg\" style=\"\" class=\"ultb3-img ultb3-img-center\" alt=\"null\"\/><div id=\"Info-banner-wrap1036\" class=\"ultb3-info ib3-info-left\" data-animation=\"fadeIn\" data-animation-delay=\"03\"><h3 class=\"ultb3-title ult-responsive\"  data-ultimate-target='#Info-banner-wrap1036 .ultb3-title'  data-responsive-json-new='{\"font-size\":\"\",\"line-height\":\"\"}'  style=\"font-weight:bold;color:#ffffff;\">About Us<\/h3><a href=\"https:\/\/ihsda.org\/hakkimizda\/\" title=\"Deklarasyon\"  class=\"ultb3-btn ult-responsive\"  data-ultimate-target='#Info-banner-wrap1036 .ultb3-btn'  data-responsive-json-new='{\"font-size\":\"desktop:16px;\",\"line-height\":\"\"}'  style=\"font-weight:normal;\">Read<i class=\"Defaults-angle-right\"><\/i><\/a><\/div><\/div><style>\r\n\t\t\t\t\t#ultib3-12822587069e211126f421 {\r\n\t\t\t\t\t\tmin-height:50px;\r\n\t\t\t\t\t}\r\n\t\t\t\t\t#ultib3-12822587069e211126f421 img.ultb3-img {\r\n\t\t\t\t\t\theight: px;\r\n\t\t\t\t\t}\r\n\t\t\t\t\t#ultib3-12822587069e211126f421 .ultb3-btn {\r\n\t\t\t\t\t\tborder:2px solid #ffffff;border-radius:0px;color:#ffffff;\r\n\t\t\t\t\t}\r\n\t\t\t\t\t#ultib3-12822587069e211126f421 .ultb3-btn:hover {\r\n\t\t\t\t\t\tbackground:#ffffff;color:#ec1c24;\r\n\t\t\t\t\t}\r\n\t\t\t\t<\/style>[\/vc_column][vc_column width=&#8221;1\/2&#8243;]<div id=\"ultib3-345508855069e211126f6f5\" class=\" ultb3-box ult-adjust-bottom-margin  \" style=\"background-color: #000000;\"><img src=\"https:\/\/ihsda.org\/wp-content\/uploads\/2020\/12\/ilkeler.jpg\" style=\"\" class=\"ultb3-img ultb3-img-center\" alt=\"null\"\/><div id=\"Info-banner-wrap1672\" class=\"ultb3-info ib3-info-left\" data-animation=\"fadeIn\" data-animation-delay=\"03\"><h3 class=\"ultb3-title ult-responsive\"  data-ultimate-target='#Info-banner-wrap1672 .ultb3-title'  data-responsive-json-new='{\"font-size\":\"\",\"line-height\":\"\"}'  style=\"font-weight:bold;color:#ffffff;\">Principles<\/h3><a href=\"https:\/\/ihsda.org\/ilkeler\/\" title=\"\u0130LKELER\"  class=\"ultb3-btn ult-responsive\"  data-ultimate-target='#Info-banner-wrap1672 .ultb3-btn'  data-responsive-json-new='{\"font-size\":\"desktop:16px;\",\"line-height\":\"\"}'  style=\"font-weight:normal;\">Read<i class=\"Defaults-angle-right\"><\/i><\/a><\/div><\/div><style>\r\n\t\t\t\t\t#ultib3-345508855069e211126f6f5 {\r\n\t\t\t\t\t\tmin-height:50px;\r\n\t\t\t\t\t}\r\n\t\t\t\t\t#ultib3-345508855069e211126f6f5 img.ultb3-img {\r\n\t\t\t\t\t\theight: px;\r\n\t\t\t\t\t}\r\n\t\t\t\t\t#ultib3-345508855069e211126f6f5 .ultb3-btn {\r\n\t\t\t\t\t\tborder:2px solid #ffffff;border-radius:0px;color:#ffffff;\r\n\t\t\t\t\t}\r\n\t\t\t\t\t#ultib3-345508855069e211126f6f5 .ultb3-btn:hover {\r\n\t\t\t\t\t\tbackground:#ffffff;color:#ec1c24;\r\n\t\t\t\t\t}\r\n\t\t\t\t<\/style>[\/vc_column][\/vc_row][vc_row][vc_column][vc_custom_heading text=&#8221;Components&#8221; font_container=&#8221;tag:h1|text_align:left&#8221; google_fonts=&#8221;font_family:Lora%3Aregular%2Citalic%2C700%2C700italic|font_style:700%20bold%20regular%3A700%3Anormal&#8221;][\/vc_column][\/vc_row][vc_row full_width=&#8221;stretch_row&#8221; bg_type=&#8221;bg_color&#8221; css=&#8221;.vc_custom_1601904720493{margin-bottom: 0px !important;padding-top: 0px !important;padding-bottom: 0px !important;background-color: #ffffff !important;}&#8221; el_id=&#8221;kurumlar&#8221; bg_color_value=&#8221;#ececec&#8221;][vc_column width=&#8221;1\/12&#8243; offset=&#8221;vc_col-xs-3&#8243;][\/vc_column][vc_column width=&#8221;1\/12&#8243; offset=&#8221;vc_col-xs-3&#8243;][vc_single_image image=&#8221;6931&#8243; img_size=&#8221;&#8221; alignment=&#8221;center&#8221; onclick=&#8221;custom_link&#8221; img_link_target=&#8221;_blank&#8221; css_animation=&#8221;bottom-to-top&#8221; link=&#8221;https:\/\/www.amnesty.org.tr&#8221;][\/vc_column][vc_column width=&#8221;1\/12&#8243; offset=&#8221;vc_col-xs-3&#8243;][vc_single_image image=&#8221;6847&#8243; img_size=&#8221;&#8221; alignment=&#8221;center&#8221; onclick=&#8221;custom_link&#8221; img_link_target=&#8221;_blank&#8221; css_animation=&#8221;bottom-to-top&#8221; link=&#8221;https:\/\/crd.org\/#&#8221;][\/vc_column][vc_column width=&#8221;1\/12&#8243; offset=&#8221;vc_col-xs-3&#8243;][vc_single_image image=&#8221;6848&#8243; img_size=&#8221;&#8221; alignment=&#8221;center&#8221; onclick=&#8221;custom_link&#8221; img_link_target=&#8221;_blank&#8221; css_animation=&#8221;bottom-to-top&#8221; link=&#8221;https:\/\/www.dusun-think.net&#8221;][\/vc_column][vc_column width=&#8221;1\/12&#8243; offset=&#8221;vc_col-xs-3&#8243;][vc_single_image image=&#8221;6849&#8243; img_size=&#8221;&#8221; alignment=&#8221;center&#8221; onclick=&#8221;custom_link&#8221; img_link_target=&#8221;_blank&#8221; css_animation=&#8221;bottom-to-top&#8221; link=&#8221;https:\/\/www.esithaklar.org&#8221;][\/vc_column][vc_column width=&#8221;1\/12&#8243; offset=&#8221;vc_col-xs-3&#8243;][vc_single_image image=&#8221;6850&#8243; img_size=&#8221;&#8221; alignment=&#8221;center&#8221; onclick=&#8221;custom_link&#8221; img_link_target=&#8221;_blank&#8221; css_animation=&#8221;bottom-to-top&#8221; link=&#8221;https:\/\/hakikatadalethafiza.org&#8221;][\/vc_column][vc_column width=&#8221;1\/12&#8243; offset=&#8221;vc_col-xs-3&#8243;][vc_single_image image=&#8221;6851&#8243; img_size=&#8221;&#8221; alignment=&#8221;center&#8221; onclick=&#8221;custom_link&#8221; img_link_target=&#8221;_blank&#8221; css_animation=&#8221;bottom-to-top&#8221; link=&#8221;https:\/\/hakinisiyatifi.org&#8221;][\/vc_column][vc_column width=&#8221;1\/12&#8243; offset=&#8221;vc_col-xs-3&#8243;][vc_single_image image=&#8221;6852&#8243; img_size=&#8221;&#8221; alignment=&#8221;center&#8221; onclick=&#8221;custom_link&#8221; img_link_target=&#8221;_blank&#8221; css_animation=&#8221;bottom-to-top&#8221; link=&#8221;https:\/\/www.ihd.org.tr&#8221;][\/vc_column][vc_column width=&#8221;1\/12&#8243; offset=&#8221;vc_col-xs-3&#8243;][vc_single_image image=&#8221;6853&#8243; img_size=&#8221;&#8221; alignment=&#8221;center&#8221; onclick=&#8221;custom_link&#8221; img_link_target=&#8221;_blank&#8221; css_animation=&#8221;bottom-to-top&#8221; link=&#8221;http:\/\/rightsagenda.org&#8221;][\/vc_column][vc_column width=&#8221;1\/12&#8243; offset=&#8221;vc_col-xs-3&#8243;][vc_single_image image=&#8221;6854&#8243; img_size=&#8221;&#8221; alignment=&#8221;center&#8221; onclick=&#8221;custom_link&#8221; img_link_target=&#8221;_blank&#8221; css_animation=&#8221;bottom-to-top&#8221; link=&#8221;https:\/\/www.kaosgl.org&#8221;][\/vc_column][vc_column width=&#8221;1\/12&#8243; offset=&#8221;vc_col-xs-3&#8243;][vc_single_image image=&#8221;6855&#8243; img_size=&#8221;&#8221; alignment=&#8221;center&#8221; onclick=&#8221;custom_link&#8221; img_link_target=&#8221;_blank&#8221; css_animation=&#8221;bottom-to-top&#8221; link=&#8221;http:\/\/www.kirkayak.org\/&#8221;][\/vc_column][vc_column width=&#8221;1\/12&#8243; offset=&#8221;vc_col-xs-3&#8243;][\/vc_column][\/vc_row][vc_row full_width=&#8221;stretch_row&#8221; bg_type=&#8221;bg_color&#8221; css=&#8221;.vc_custom_1647424444250{margin-bottom: 0px !important;padding-top: 0px !important;padding-bottom: 0px !important;background-color: #ffffff !important;}&#8221; bg_color_value=&#8221;#ececec&#8221; el_id=&#8221;kurumlar&#8221;][vc_column width=&#8221;1\/12&#8243;][\/vc_column][vc_column width=&#8221;1\/12&#8243; offset=&#8221;vc_col-xs-3&#8243;][vc_single_image image=&#8221;6857&#8243; img_size=&#8221;&#8221; alignment=&#8221;center&#8221; onclick=&#8221;custom_link&#8221; img_link_target=&#8221;_blank&#8221; css_animation=&#8221;bottom-to-top&#8221; link=&#8221;https:\/\/www.mlsaturkey.com\/tr\/&#8221;][\/vc_column][vc_column width=&#8221;1\/12&#8243; offset=&#8221;vc_col-xs-3&#8243;][vc_single_image image=&#8221;6858&#8243; img_size=&#8221;&#8221; alignment=&#8221;center&#8221; onclick=&#8221;custom_link&#8221; img_link_target=&#8221;_blank&#8221; css_animation=&#8221;bottom-to-top&#8221; link=&#8221;https:\/\/twitter.com\/ohdgenelmerkez&#8221;][\/vc_column][vc_column width=&#8221;1\/12&#8243; offset=&#8221;vc_col-xs-3&#8243;][vc_single_image image=&#8221;6859&#8243; img_size=&#8221;&#8221; alignment=&#8221;center&#8221; onclick=&#8221;custom_link&#8221; img_link_target=&#8221;_blank&#8221; css_animation=&#8221;bottom-to-top&#8221; link=&#8221;http:\/\/platform24.org&#8221;][\/vc_column][vc_column width=&#8221;1\/12&#8243; offset=&#8221;vc_col-xs-3&#8243;][vc_single_image image=&#8221;6860&#8243; img_size=&#8221;&#8221; alignment=&#8221;center&#8221; onclick=&#8221;custom_link&#8221; img_link_target=&#8221;_blank&#8221; css_animation=&#8221;bottom-to-top&#8221; link=&#8221;http:\/\/riturkey.org\/tr\/&#8221;][\/vc_column][vc_column width=&#8221;1\/12&#8243; offset=&#8221;vc_col-xs-3&#8243;][vc_single_image image=&#8221;6861&#8243; img_size=&#8221;&#8221; alignment=&#8221;center&#8221; onclick=&#8221;custom_link&#8221; img_link_target=&#8221;_blank&#8221; css_animation=&#8221;bottom-to-top&#8221; link=&#8221;https:\/\/sivilalanarastirmalari.org.tr&#8221;][\/vc_column][vc_column width=&#8221;1\/12&#8243; offset=&#8221;vc_col-xs-3&#8243;][vc_single_image image=&#8221;6862&#8243; img_size=&#8221;&#8221; alignment=&#8221;center&#8221; onclick=&#8221;custom_link&#8221; img_link_target=&#8221;_blank&#8221; css_animation=&#8221;bottom-to-top&#8221; link=&#8221;http:\/\/www.spod.org.tr&#8221;][\/vc_column][vc_column width=&#8221;1\/12&#8243; offset=&#8221;vc_col-xs-3&#8243;][vc_single_image image=&#8221;6865&#8243; img_size=&#8221;&#8221; alignment=&#8221;center&#8221; onclick=&#8221;custom_link&#8221; img_link_target=&#8221;_blank&#8221; css_animation=&#8221;bottom-to-top&#8221; link=&#8221;http:\/\/www.tohav.org&#8221;][\/vc_column][vc_column width=&#8221;1\/12&#8243; offset=&#8221;vc_col-xs-3&#8243;][vc_single_image image=&#8221;6864&#8243; img_size=&#8221;&#8221; alignment=&#8221;center&#8221; onclick=&#8221;custom_link&#8221; img_link_target=&#8221;_blank&#8221; css_animation=&#8221;bottom-to-top&#8221; link=&#8221;https:\/\/www.turkeylitigationsupport.com\/&#8221;][\/vc_column][vc_column width=&#8221;1\/12&#8243; offset=&#8221;vc_col-xs-3&#8243;][vc_single_image image=&#8221;6856&#8243; img_size=&#8221;&#8221; alignment=&#8221;center&#8221; onclick=&#8221;custom_link&#8221; img_link_target=&#8221;_blank&#8221; css_animation=&#8221;bottom-to-top&#8221; link=&#8221;http:\/\/www.das-kulturforum.de\/index.php?id=17&#8243;][\/vc_column][vc_column width=&#8221;1\/12&#8243; offset=&#8221;vc_col-xs-3&#8243;][vc_single_image image=&#8221;7504&#8243; img_size=&#8221;&#8221; alignment=&#8221;center&#8221; onclick=&#8221;custom_link&#8221; img_link_target=&#8221;_blank&#8221; css_animation=&#8221;bottom-to-top&#8221; link=&#8221;https:\/\/tihv.org.tr&#8221;][\/vc_column][vc_column width=&#8221;1\/12&#8243;][\/vc_column][\/vc_row][vc_row full_width=&#8221;stretch_row&#8221; bg_type=&#8221;bg_color&#8221; css=&#8221;.vc_custom_1601907963844{margin-bottom: 100px !important;padding-top: 0px !important;padding-bottom: 0px !important;background-color: #ffffff !important;}&#8221; bg_color_value=&#8221;#ececec&#8221;][vc_column width=&#8221;1\/12&#8243;][\/vc_column][vc_column width=&#8221;1\/12&#8243; offset=&#8221;vc_col-xs-3&#8243;][vc_single_image image=&#8221;6866&#8243; img_size=&#8221;&#8221; alignment=&#8221;center&#8221; onclick=&#8221;custom_link&#8221; img_link_target=&#8221;_blank&#8221; css_animation=&#8221;bottom-to-top&#8221; link=&#8221;https:\/\/yasambellekozgurluk.org&#8221;][\/vc_column][vc_column width=&#8221;1\/12&#8243; offset=&#8221;vc_col-xs-3&#8243;][vc_single_image image=&#8221;6867&#8243; img_size=&#8221;&#8221; alignment=&#8221;center&#8221; onclick=&#8221;custom_link&#8221; img_link_target=&#8221;_blank&#8221; css_animation=&#8221;bottom-to-top&#8221; link=&#8221;https:\/\/www.hyd.org.tr\/tr\/&#8221;][\/vc_column][vc_column width=&#8221;1\/12&#8243; offset=&#8221;vc_col-xs-3&#8243;][vc_single_image image=&#8221;7278&#8243; img_size=&#8221;&#8221; alignment=&#8221;center&#8221; onclick=&#8221;custom_link&#8221; img_link_target=&#8221;_blank&#8221; css_animation=&#8221;bottom-to-top&#8221; link=&#8221;https:\/\/www.hyd.org.tr\/tr\/&#8221;][\/vc_column][vc_column width=&#8221;1\/12&#8243; offset=&#8221;vc_col-xs-3&#8243;][vc_single_image image=&#8221;7277&#8243; img_size=&#8221;&#8221; alignment=&#8221;center&#8221; onclick=&#8221;custom_link&#8221; img_link_target=&#8221;_blank&#8221; css_animation=&#8221;bottom-to-top&#8221; link=&#8221;https:\/\/www.hyd.org.tr\/tr\/&#8221;][\/vc_column][vc_column width=&#8221;1\/12&#8243; offset=&#8221;vc_col-xs-3&#8243;][vc_single_image image=&#8221;7411&#8243; img_size=&#8221;&#8221; alignment=&#8221;center&#8221; onclick=&#8221;custom_link&#8221; img_link_target=&#8221;_blank&#8221; css_animation=&#8221;bottom-to-top&#8221; link=&#8221;https:\/\/www.hyd.org.tr\/tr\/&#8221;][\/vc_column][vc_column width=&#8221;1\/12&#8243; offset=&#8221;vc_col-xs-3&#8243;][vc_single_image image=&#8221;7478&#8243; img_size=&#8221;&#8221; alignment=&#8221;center&#8221; onclick=&#8221;custom_link&#8221; img_link_target=&#8221;_blank&#8221; css_animation=&#8221;bottom-to-top&#8221; link=&#8221;https:\/\/www.hyd.org.tr\/tr\/&#8221;][\/vc_column][vc_column width=&#8221;1\/12&#8243; offset=&#8221;vc_col-xs-3&#8243;][vc_single_image image=&#8221;7502&#8243; img_size=&#8221;&#8221; alignment=&#8221;center&#8221; onclick=&#8221;custom_link&#8221; img_link_target=&#8221;_blank&#8221; css_animation=&#8221;bottom-to-top&#8221; link=&#8221;https:\/\/www.17mayis.org\/&#8221;][\/vc_column][vc_column width=&#8221;1\/12&#8243; offset=&#8221;vc_col-xs-3&#8243;][vc_single_image image=&#8221;7526&#8243; img_size=&#8221;&#8221; alignment=&#8221;center&#8221; onclick=&#8221;custom_link&#8221; img_link_target=&#8221;_blank&#8221; css_animation=&#8221;bottom-to-top&#8221; link=&#8221;https:\/\/kadinininsanhaklari.org\/&#8221;][\/vc_column][vc_column width=&#8221;1\/12&#8243; offset=&#8221;vc_col-xs-3&#8243;][vc_single_image image=&#8221;7525&#8243; img_size=&#8221;&#8221; alignment=&#8221;center&#8221; onclick=&#8221;custom_link&#8221; img_link_target=&#8221;_blank&#8221; css_animation=&#8221;bottom-to-top&#8221; link=&#8221;https:\/\/lambdaistanbul.org\/&#8221;][\/vc_column][vc_column width=&#8221;1\/12&#8243; offset=&#8221;vc_col-xs-3&#8243;][\/vc_column][vc_column width=&#8221;1\/12&#8243;][\/vc_column][\/vc_row]<\/p>\n","protected":false},"excerpt":{"rendered":"<p class=\"card-text\">[vc_row full_width=&#8221;stretch_row&#8221; bg_type=&#8221;video&#8221; video_url=&#8221;https:\/\/ihsda.org\/wp-content\/uploads\/2020\/12\/intro-aralik1-low.mp4&#8243; video_opts=&#8221;loop,muted&#8221; video_poster=&#8221;id^6935|url^https:\/\/ihsda.org\/wp-content\/uploads\/2020\/12\/intro-bg.jpg|caption^null|alt^null|title^intro-bg|description^null&#8221; bg_override=&#8221;browser_size&#8221; parallax_content=&#8221;parallax_content_value&#8221; parallax_content_sense=&#8221;30&#8243; fadeout_row=&#8221;fadeout_row_value&#8221; fadeout_start_effect=&#8221;70&#8243; enable_overlay=&#8221;enable_overlay_value&#8221; overlay_color=&#8221;rgba(10,10,10,0.3)&#8221; overlay_pattern=&#8221;01.png&#8221; overlay_pattern_opacity=&#8221;15&#8243;][vc_column][vc_custom_heading text=&#8221;Solidarity Network for Human Rights Defenders \u2013 Turkey is a network of human rights organisations which insists that defending human rights is a universal right. The Network is committed to strengthen solidarity and communication among its members and to challenge [&#8230;]<\/p>\n<p class=\"m-0\"><a class=\"btn btn-outline-secondary btn-read-more\" href=\"https:\/\/ihsda.org\/en\/\">Read More<\/a><\/p>\n","protected":false},"author":1,"featured_media":0,"parent":0,"menu_order":0,"comment_status":"closed","ping_status":"closed","template":"","meta":[],"_links":{"self":[{"href":"https:\/\/ihsda.org\/en\/wp-json\/wp\/v2\/pages\/6553"}],"collection":[{"href":"https:\/\/ihsda.org\/en\/wp-json\/wp\/v2\/pages"}],"about":[{"href":"https:\/\/ihsda.org\/en\/wp-json\/wp\/v2\/types\/page"}],"author":[{"embeddable":true,"href":"https:\/\/ihsda.org\/en\/wp-json\/wp\/v2\/users\/1"}],"replies":[{"embeddable":true,"href":"https:\/\/ihsda.org\/en\/wp-json\/wp\/v2\/comments?post=6553"}],"version-history":[{"count":204,"href":"https:\/\/ihsda.org\/en\/wp-json\/wp\/v2\/pages\/6553\/revisions"}],"predecessor-version":[{"id":7685,"href":"https:\/\/ihsda.org\/en\/wp-json\/wp\/v2\/pages\/6553\/revisions\/7685"}],"wp:attachment":[{"href":"https:\/\/ihsda.org\/en\/wp-json\/wp\/v2\/media?parent=6553"}],"curies":[{"name":"wp","href":"https:\/\/api.w.org\/{rel}","templated":true}]}}