{"id":6641,"date":"2020-09-03T19:33:50","date_gmt":"2020-09-03T19:33:50","guid":{"rendered":"https:\/\/ihsda.org\/?page_id=6641"},"modified":"2020-12-17T12:46:16","modified_gmt":"2020-12-17T12:46:16","slug":"ilkeler","status":"publish","type":"page","link":"https:\/\/ihsda.org\/en\/ilkeler\/","title":{"rendered":"\u0130LKELER"},"content":{"rendered":"<p>[vc_row full_width=&#8221;stretch_row&#8221; bg_type=&#8221;image&#8221; parallax_style=&#8221;vcpb-vz-jquery&#8221; bg_image_new=&#8221;id^6947|url^https:\/\/ihsda.org\/wp-content\/uploads\/2020\/12\/ilkerler-l.jpg|caption^null|alt^null|title^ilkerler-l|description^null&#8221; bg_image_repeat=&#8221;no-repeat&#8221; parallax_content=&#8221;parallax_content_value&#8221; parallax_content_sense=&#8221;30&#8243;][vc_column]<div class=\"ult-spacer spacer-69e1c7c064fa6\" data-id=\"69e1c7c064fa6\" data-height=\"200\" data-height-mobile=\"200\" data-height-tab=\"200\" data-height-tab-portrait=\"\" data-height-mobile-landscape=\"\" style=\"clear:both;display:block;\"><\/div>[vc_custom_heading text=&#8221;\u0130lkeler&#8221; font_container=&#8221;tag:h1|text_align:left|color:%23ffffff&#8221; google_fonts=&#8221;font_family:Lora%3Aregular%2Citalic%2C700%2C700italic|font_style:700%20bold%20regular%3A700%3Anormal&#8221; css_animation=&#8221;fadeIn&#8221;]<div class=\"ult-spacer spacer-69e1c7c064fe2\" data-id=\"69e1c7c064fe2\" data-height=\"200\" data-height-mobile=\"200\" data-height-tab=\"200\" data-height-tab-portrait=\"\" data-height-mobile-landscape=\"\" style=\"clear:both;display:block;\"><\/div>[\/vc_column][\/vc_row][vc_row][vc_column width=&#8221;7\/12&#8243;]<div class=\"ult-spacer spacer-69e1c7c064ff7\" data-id=\"69e1c7c064ff7\" data-height=\"50\" data-height-mobile=\"50\" data-height-tab=\"50\" data-height-tab-portrait=\"\" data-height-mobile-landscape=\"\" style=\"clear:both;display:block;\"><\/div>[vc_column_text el_class=&#8221;has-drop-cap&#8221;]\u201cBirle\u015fmi\u015f Milletler \u0130nsan Haklar\u0131 Savunucular\u0131n\u0131n Korunmas\u0131 Bildirgesi\u201d olarak an\u0131lan, \u201cEvrensel Olarak Tan\u0131nan \u0130nsan Haklar\u0131 ve Temel \u00d6zg\u00fcrl\u00fcklerin Korunmas\u0131 ve Geli\u015ftirilmesinde Toplumsal Kurulu\u015flar\u0131n (Organlar\u0131n), Gruplar\u0131n ve Bireylerin Haklar\u0131 ve Sorumluluklar\u0131 \u00dczerine Bildirge\u201d, insan haklar\u0131n\u0131 savunmay\u0131 bir hak olarak tan\u0131r ve devletlere, insan haklar\u0131 savunucular\u0131n\u0131 koruma g\u00f6revi verir.<\/p>\n<p>\u0130nsan haklar\u0131n\u0131 savunmak evrensel bir hakt\u0131r. Devletin giderek artan bir \u015fekilde, yarg\u0131lama ve tutuklamalar da dahil olmak \u00fczere, bir\u00e7ok farkl\u0131 y\u00f6ntemle insan haklar\u0131 savunucular\u0131n\u0131 saf d\u0131\u015f\u0131 b\u0131rakma gayreti kar\u015f\u0131s\u0131nda, insan haklar\u0131 savunucular\u0131n\u0131 savunmak amac\u0131yla biraraya gelen \u0130nsan Haklar\u0131 Savunucular\u0131 Dayan\u0131\u015fma A\u011f\u0131, a\u011f\u0131n \u00e7al\u0131\u015fma alan\u0131na giren insan haklar\u0131 savunucusu ki\u015fi ve kurumlar\u0131 \u015f\u00f6yle tarif eder:<\/p>\n<ul>\n<li>T\u00fcm insanlar\u0131n insan haklar\u0131ndan e\u015fit derecede faydalanmas\u0131n\u0131 sa\u011flamak, insan haklar\u0131n\u0131 korumak ve insan haklar\u0131 ihlallerini engellemek ve m\u00fccadele etmek i\u00e7in \u00e7aba g\u00f6sterir; bar\u0131\u015f\u00e7\u0131l olmayan faaliyetler ger\u00e7ekle\u015ftiren ki\u015filerin temel insan haklar\u0131n\u0131 savunuyor olmas\u0131, onu bar\u0131\u015f\u00e7\u0131l olma vasf\u0131ndan ay\u0131rmaz,<\/li>\n<li>Di\u011fer t\u00fcm insan haklar\u0131n\u0131 da kabul etmek ve desteklemekle birlikte sadece bir veya birka\u00e7 insan hakk\u0131 \u00fczerinde yo\u011funla\u015fm\u0131\u015f olabilir. T\u00fcm insan haklar\u0131 ihlalleri ile ilgilenmesi gerekmez. Fakat herhangi bir insan haklar\u0131 ihlaline destek veremez,<\/li>\n<li>Anayasa taraf\u0131ndan tan\u0131nan haklar ile birlikte T\u00fcrkiye\u2019nin taraf oldu\u011fu t\u00fcm insan haklar\u0131 metinlerindeki haklar\u0131 savunduklar\u0131 gibi, uluslararas\u0131 kabul g\u00f6rm\u00fc\u015f fakat T\u00fcrkiye\u2019nin taraf olmad\u0131\u011f\u0131 insan haklar\u0131n\u0131 da savunabilir,<\/li>\n<li>Profesyonel s\u0131fat\u0131 \u00f6nemli de\u011fildir. STK, kamu veya \u00f6zel sekt\u00f6rde \u00e7al\u0131\u015f\u0131yor veya \u00e7al\u0131\u015fm\u0131yor olabilir. En \u00f6nemli tan\u0131mlay\u0131c\u0131s\u0131 insan haklar\u0131 i\u00e7in \u00f6zel bir \u00e7aba g\u00f6stermesidir,<\/li>\n<li>Bireysel olarak veya bir grupla faaliyet g\u00f6sterebilir, bir kurumdan uluslararas\u0131 seviyeye kadar her \u00e7apta faaliyet g\u00f6steriyor olabilir, uluslararas\u0131 seviyede ya da bir kurum i\u00e7inde olmak \u00fczere farkl\u0131 geni\u015fliklerdeki alanlarda \u00e7al\u0131\u015f\u0131yor olabilir,<\/li>\n<li>Hak ihlallerini raporlayabilir, insan haklar\u0131ndan faydalanmay\u0131 sa\u011flamak i\u00e7in veya bir ihlalin giderilmesi i\u00e7in lobi yapabilir, insan haklar\u0131 e\u011fitimi verebilir, insan hakk\u0131 ihlallerine maruz kalanlara dan\u0131\u015fmanl\u0131k, hukuki destek gibi hizmetler sunabilir, hak ihlallerini g\u00fcndeme ta\u015f\u0131mak i\u00e7in \u00e7al\u0131\u015fabilir veya insan haklar\u0131na sayg\u0131y\u0131 art\u0131rmak i\u00e7in kampanya y\u00fcr\u00fctebilir.<\/li>\n<li>Bu nedenle \u0130nsan Haklar\u0131 Savunucular\u0131 Dayan\u0131\u015fma A\u011f\u0131 sivil toplum \u00e7al\u0131\u015fanlar\u0131ndan gazetecilere, avukatlardan ihlalleri a\u00e7\u0131\u011fa \u00e7\u0131karan kamu g\u00f6revlilerine, davalar\u0131nda insan haklar\u0131n\u0131 \u00f6nceleyen savc\u0131 ve hakimlerden insan haklar\u0131n\u0131 kanunlarla korumak i\u00e7in yasalar haz\u0131rlayan politikac\u0131lara kadar haklar\u0131 korumaya y\u00f6nelik \u00f6zel bir \u00e7aba g\u00f6steren herkesi kapsar.<\/li>\n<\/ul>\n<p>\u0130nsan Haklar\u0131 Savunucular\u0131 Dayan\u0131\u015fma A\u011f\u0131, bile\u015fenleri aras\u0131nda \u015feffaf, hiyerar\u015fik olmayan, ayr\u0131mc\u0131l\u0131\u011f\u0131 reddeden, e\u015fit ve demokratik bir yap\u0131da dayan\u0131\u015fmay\u0131 \u00f6nceler ve haberle\u015fmeyi, bask\u0131lara kar\u015f\u0131 birlikte m\u00fccadele etmeyi ve insan haklar\u0131 savunucular\u0131n\u0131 korumay\u0131 ama\u00e7lar. Bu a\u011f, hali haz\u0131rda var olan hi\u00e7bir kurum ve yap\u0131y\u0131 ikame etmez ama bunlardan g\u00fc\u00e7 al\u0131r ve T\u00fcrkiye\u2019nin her yerinde, evrensel insan haklar\u0131na herkesin e\u015fit derecede eri\u015fim sa\u011flamas\u0131 gerekti\u011fine inanan t\u00fcm ki\u015fi ve kurumlara a\u00e7\u0131kt\u0131r.[\/vc_column_text]<div class=\"ult-spacer spacer-69e1c7c065022\" data-id=\"69e1c7c065022\" data-height=\"100\" data-height-mobile=\"100\" data-height-tab=\"100\" data-height-tab-portrait=\"\" data-height-mobile-landscape=\"\" style=\"clear:both;display:block;\"><\/div>[\/vc_column][vc_column width=&#8221;1\/12&#8243;][\/vc_column][vc_column width=&#8221;4\/12&#8243;]<div class=\"ult-spacer spacer-69e1c7c065035\" data-id=\"69e1c7c065035\" data-height=\"50\" data-height-mobile=\"50\" data-height-tab=\"50\" data-height-tab-portrait=\"\" data-height-mobile-landscape=\"\" style=\"clear:both;display:block;\"><\/div>[vc_widget_sidebar sidebar_id=&#8221;sidebar-1&#8243;][\/vc_column][\/vc_row]<\/p>\n","protected":false},"excerpt":{"rendered":"<p class=\"card-text\">[vc_row full_width=&#8221;stretch_row&#8221; bg_type=&#8221;image&#8221; parallax_style=&#8221;vcpb-vz-jquery&#8221; bg_image_new=&#8221;id^6947|url^https:\/\/ihsda.org\/wp-content\/uploads\/2020\/12\/ilkerler-l.jpg|caption^null|alt^null|title^ilkerler-l|description^null&#8221; bg_image_repeat=&#8221;no-repeat&#8221; parallax_content=&#8221;parallax_content_value&#8221; parallax_content_sense=&#8221;30&#8243;][vc_column][vc_custom_heading text=&#8221;\u0130lkeler&#8221; font_container=&#8221;tag:h1|text_align:left|color:%23ffffff&#8221; google_fonts=&#8221;font_family:Lora%3Aregular%2Citalic%2C700%2C700italic|font_style:700%20bold%20regular%3A700%3Anormal&#8221; css_animation=&#8221;fadeIn&#8221;][\/vc_column][\/vc_row][vc_row][vc_column width=&#8221;7\/12&#8243;][vc_column_text el_class=&#8221;has-drop-cap&#8221;]\u201cBirle\u015fmi\u015f Milletler \u0130nsan Haklar\u0131 Savunucular\u0131n\u0131n Korunmas\u0131 Bildirgesi\u201d olarak an\u0131lan, \u201cEvrensel Olarak Tan\u0131nan \u0130nsan Haklar\u0131 ve Temel \u00d6zg\u00fcrl\u00fcklerin Korunmas\u0131 ve Geli\u015ftirilmesinde Toplumsal Kurulu\u015flar\u0131n (Organlar\u0131n), Gruplar\u0131n ve Bireylerin Haklar\u0131 ve Sorumluluklar\u0131 \u00dczerine Bildirge\u201d, insan haklar\u0131n\u0131 savunmay\u0131 bir hak olarak tan\u0131r ve devletlere, insan haklar\u0131 [&#8230;]<\/p>\n<p class=\"m-0\"><a class=\"btn btn-outline-secondary btn-read-more\" href=\"https:\/\/ihsda.org\/en\/ilkeler\/\">Read More<\/a><\/p>\n","protected":false},"author":2,"featured_media":0,"parent":0,"menu_order":0,"comment_status":"closed","ping_status":"closed","template":"","meta":[],"_links":{"self":[{"href":"https:\/\/ihsda.org\/en\/wp-json\/wp\/v2\/pages\/6641"}],"collection":[{"href":"https:\/\/ihsda.org\/en\/wp-json\/wp\/v2\/pages"}],"about":[{"href":"https:\/\/ihsda.org\/en\/wp-json\/wp\/v2\/types\/page"}],"author":[{"embeddable":true,"href":"https:\/\/ihsda.org\/en\/wp-json\/wp\/v2\/users\/2"}],"replies":[{"embeddable":true,"href":"https:\/\/ihsda.org\/en\/wp-json\/wp\/v2\/comments?post=6641"}],"version-history":[{"count":14,"href":"https:\/\/ihsda.org\/en\/wp-json\/wp\/v2\/pages\/6641\/revisions"}],"predecessor-version":[{"id":6951,"href":"https:\/\/ihsda.org\/en\/wp-json\/wp\/v2\/pages\/6641\/revisions\/6951"}],"wp:attachment":[{"href":"https:\/\/ihsda.org\/en\/wp-json\/wp\/v2\/media?parent=6641"}],"curies":[{"name":"wp","href":"https:\/\/api.w.org\/{rel}","templated":true}]}}